{"id":960,"date":"2026-04-21T09:31:23","date_gmt":"2026-04-21T09:31:23","guid":{"rendered":"https:\/\/wasteai.it\/?page_id=960"},"modified":"2026-04-21T13:34:36","modified_gmt":"2026-04-21T13:34:36","slug":"il-progetto","status":"publish","type":"page","link":"https:\/\/wasteai.it\/?page_id=960","title":{"rendered":"Il Progetto"},"content":{"rendered":"\t\t<div data-elementor-type=\"wp-page\" data-elementor-id=\"960\" class=\"elementor elementor-960\">\n\t\t\t\t\t\t<div class=\"elementor-element elementor-element-339ad5b e-con e-atomic-element e-flexbox-base\" data-id=\"339ad5b\" data-element_type=\"e-flexbox\" data-e-type=\"e-flexbox\" data-interaction-id=\"339ad5b\">\n\t\t\t\t\t\t\t\t<p class=\"e-85852ce-790ca8d e-paragraph-base\" data-interaction-id=\"85852ce\"  >\n\t\t\t\t\t\t\t\tLa gestione e lo smaltimento dei rifiuti continuano a rappresentare grandi sfide nei contesti urbani. Le statistiche Eurostat (https:\/\/bit.ly\/3CFlB8X) mostrano che nel 2018 sono state generate 5,2 tonnellate di rifiuti per cittadino dell'UE e la Banca Mondiale (https:\/\/bit.ly\/3tSYV0X) stima un aumento globale dei rifiuti del 70% entro il 2050 (raggiungendo 3,4 miliardi di tonnellate). Una corretta gestione dei rifiuti \u00e8 quindi essenziale per costruire citt\u00e0 sostenibili e raggiungere l'obiettivo dell'UE a zero rifiuti. Pertanto, vi \u00e8 la necessit\u00e0 di: <br>\n\t\t\t\t\t<\/p>\n\t\t\t\t<\/div>\n\t\t<div class=\"elementor-element elementor-element-5a0c999 e-flex e-con-boxed e-con e-parent\" data-id=\"5a0c999\" data-element_type=\"container\" data-e-type=\"container\">\n\t\t\t\t\t<div class=\"e-con-inner\">\n\t\t\t\t\t\t\t\t<p class=\"e-paragraph-base\" data-interaction-id=\"81203dc\"  >\n\t\t\t\t\t\t\t\ti) migliorare l'efficienza del settore della gestione dei rifiuti; <br>ii) ridurre la quantit\u00e0 di rifiuti prodotti; <br>iii) adottare sempre pi\u00f9 soluzioni di riciclo. In questo contesto, il coinvolgimento dei cittadini \u00e8 strategico.\n\t\t\t\t\t<\/p>\n\t\t\t\t\t<\/div>\n\t\t\t\t<\/div>\n\t\t<div class=\"elementor-element elementor-element-7d497bd e-flex e-con-boxed e-con e-parent\" data-id=\"7d497bd\" data-element_type=\"container\" data-e-type=\"container\">\n\t\t\t\t\t<div class=\"e-con-inner\">\n\t\t\t\t\t\t\t\t<p class=\"e-paragraph-base\" data-interaction-id=\"f4d4865\"  >\n\t\t\t\t\t\t\t\tL\u2019obiettivo generale di questa proposta \u00e8 di contribuire a superare queste sfide fornendo un sistema collaborativo che consentir\u00e0, da un lato, ai consumatori di essere consapevoli dell'importanza di un corretto smaltimento dei rifiuti e, dall'altro, alle parti interessate della catena del valore della gestione dei rifiuti di raccogliere dati rilevanti per quanto riguarda i rifiuti prodotti.\n\t\t\t\t\t<\/p>\n\t\t\t\t\t<\/div>\n\t\t\t\t<\/div>\n\t\t<div class=\"elementor-element elementor-element-c4e8d30 e-flex e-con-boxed e-con e-parent\" data-id=\"c4e8d30\" data-element_type=\"container\" data-e-type=\"container\">\n\t\t\t\t\t<div class=\"e-con-inner\">\n\t\t\t\t\t\t\t\t<p class=\"e-paragraph-base\" data-interaction-id=\"92dd900\"  >\n\t\t\t\t\t\t\t\tA partire dalle considerazioni sopra esposte la presente proposta propone lo sviluppo del sistema eWasteA , un sistema collaborativo per la tracciabilit\u00e0 e la gestione dei rifiuti in cui gli attori della filiera, a partire dal consumatore, possono condividere i dati sui rifiuti prodotti. <br>Il sistema disporr\u00e0 di:\n\t\t\t\t\t<\/p>\n\t\t\t\t\t<\/div>\n\t\t\t\t<\/div>\n\t\t<div class=\"elementor-element elementor-element-346d9bf e-flex e-con-boxed e-con e-parent\" data-id=\"346d9bf\" data-element_type=\"container\" data-e-type=\"container\">\n\t\t\t\t\t<div class=\"e-con-inner\">\n\t\t\t\t\t\t\t\t<p class=\"e-106a674-767bf9b e-paragraph-base\" data-interaction-id=\"106a674\"  >\n\t\t\t\t\t\t\t\teWaste-app: un'app attraverso la quale i consumatori, incentivati da un premio basato su gettoni di utilit\u00e0, forniranno attivamente informazioni sui prodotti scartati, in base alla tipologia (es. bagnato, plastica, metalli, carta, ecc.), quantit\u00e0, data e luogo di smaltimento.<br><br>eWaste-Trace: una piattaforma di tracciabilit\u00e0, che funger\u00e0 sia da infrastruttura per la raccolta dei dati sul ciclo di vita dei prodotti (ovvero, dalla creazione allo smaltimento, al suo riutilizzo) sia da strumento per connettere e coinvolgere i cittadini nella tracciabilit\u00e0 dei rifiuti.<br><br>Portale web: attraverso il quale i principali attori del settore, ovvero municipalizzate\/aziende private (che si occupano della raccolta di rifiuti), industrie di riciclaggio dei rifiuti e produttori di rifiuti industriali, potranno interagire e svolgere operazioni commerciali.\n\t\t\t\t\t<\/p>\n\t\t\t\t\t<\/div>\n\t\t\t\t<\/div>\n\t\t<div class=\"elementor-element elementor-element-1be6f4b e-flex e-con-boxed e-con e-parent\" data-id=\"1be6f4b\" data-element_type=\"container\" data-e-type=\"container\">\n\t\t\t\t\t<div class=\"e-con-inner\">\n\t\t\t\t\t\t\t\t<p class=\"e-paragraph-base\" data-interaction-id=\"f1b5fa2\"  >\n\t\t\t\t\t\t\t\tWasteAI sar\u00e0 un sistema collaborativo innovativo nel settore dei rifiuti. La piattaforma di tracciabilit\u00e0 consentir\u00e0 la ricostruzione della storia dei rifiuti attraverso la raccolta sicura dei dati basata sull'uso della blockchain, costruendo un enorme database per l'analisi dei Big Data. Un avanzato algoritmo di intelligenza artificiale consentir\u00e0 di acquisire immagini che rappresentano lotti di rifiuti e di catalogarli in base alla tipologia di rifiuto. La classificazione dei rifiuti attraverso l'analisi delle immagini consentir\u00e0 di:\n\t\t\t\t\t<\/p>\n\t\t\t\t\t<\/div>\n\t\t\t\t<\/div>\n\t\t<div class=\"elementor-element elementor-element-dcb1bf1 e-flex e-con-boxed e-con e-parent\" data-id=\"dcb1bf1\" data-element_type=\"container\" data-e-type=\"container\">\n\t\t\t\t\t<div class=\"e-con-inner\">\n\t\t\t\t\t\t\t\t<p class=\"e-19c9453-e965222 e-paragraph-base\" data-interaction-id=\"19c9453\"  >\n\t\t\t\t\t\t\t\t- definire il valore del premio da accreditare ai consumatori in funzione del rifiuto conferito<br>- identificare i prodotti utilizzati dai consumatori<br>- determinare la quantit\u00e0 e la tipologia dei rifiuti conferiti per consentire alle societ\u00e0 di gestione dei rifiuti di pianificare la raccolta e la selezione del materiale.\n\t\t\t\t\t<\/p>\n\t\t\t\t\t<\/div>\n\t\t\t\t<\/div>\n\t\t<div class=\"elementor-element elementor-element-7ea7324 e-flex e-con-boxed e-con e-parent\" data-id=\"7ea7324\" data-element_type=\"container\" data-e-type=\"container\">\n\t\t\t\t\t<div class=\"e-con-inner\">\n\t\t\t\t\t\t\t\t<p class=\"e-paragraph-base\" data-interaction-id=\"a39fbef\"  >\n\t\t\t\t\t\t\t\tInoltre, il database fornir\u00e0 informazioni relative al tempo di messa in discarica fino allo smaltimento. Infine, i cluster di dati consentiranno di migliorare le operazioni di scambio facilitando la tracciabilit\u00e0 dei rifiuti grazie a una reportistica dettagliata e geolocalizzata.<br>Il progetto eWasteAI, nel dettaglio, propone una soluzione innovativa nell'area della tracciabilit\u00e0 e del riciclo dei rifiuti che consiste nella realizzazione del primo sistema collaborativo nel settore dei rifiuti basato su un'applicazione mobile abbinata a un sistema di tracciabilit\u00e0. <br>La novit\u00e0 dell'idea progettuale sta nell'incentivo e nella ricompensa dell'impegno dei consumatori nella raccolta differenziata attraverso un utility token. <br>Pertanto, i consumatori saranno pienamente coinvolti nella catena del valore e saranno dotati di strumenti innovativi che li aiuteranno a migliorare il riciclaggio dei rifiuti. Inoltre, al sistema partecipano anche gli altri stakeholder della filiera dei rifiuti. <br>Questo consente di creare un ambiente in cui l'intero ciclo di gestione dei rifiuti e riciclaggio dei prodotti usati \u00e8 digitalizzato. <br>I dati su smaltimento, disponibilit\u00e0 di rifiuti grezzi, processi di trasformazione, rifiuti trasformati, prodotti rigenerati, ecc. sono condivisi tra i vari attori, consentendo dinamiche di filiera pi\u00f9 efficaci ed efficienti.<br>L\u2019idea alla base del progetto&nbsp; \u00e8 quella di supportare un'economia circolare: i rifiuti sono&nbsp; considerati una materia prima da lavorare ulteriormente, di cui il consumatore \u00e8 il primo produttore. <br>L\u2019obiettivo finale \u00e8 responsabilizzare i cittadini, rendendoli attori attivi e cruciali nella catena del valore. <br>I principali stakeholder di WasteAI sono i consumatori, ovvero gli utenti dell'app. <br>L\u2019utilizzo di WasteAI contribuir\u00e0 a creare un circolo virtuoso di smaltimento e riciclo dei rifiuti. I consumatori saranno incentivati a migliorare le proprie abitudini di riciclaggio attraverso un sistema premiante. <br>Inoltre, tutte le altre parti interessate della catena del valore dei rifiuti, ovvero raccoglitori di rifiuti, autorit\u00e0 pubbliche e industrie di riciclaggio dei rifiuti, trarranno vantaggio da dati dettagliati e di alta qualit\u00e0 raccolti dal sistema. <br>Questi dati permetteranno di profilare la consegna e lo smaltimento dei rifiuti, e l'elaborazione statistica di informazioni affidabili sui rifiuti localizzati nel tempo e nello spazio. <br>WasteAI permetter\u00e0 ai cittadini di essere attivamente coinvolti nella gestione dei rifiuti, incoraggiandoli a riciclare meglio attraverso un sistema di ricompense basato su token. <br>L'analisi delle immagini dei rifiuti determiner\u00e0 il premio assegnato ai consumatori in base ai rifiuti conferiti.\n\t\t\t\t\t<\/p>\n\t\t\t\t\t<\/div>\n\t\t\t\t<\/div>\n\t\t<div class=\"elementor-element elementor-element-0fa2df1 e-flex e-con-boxed e-con e-parent\" data-id=\"0fa2df1\" data-element_type=\"container\" data-e-type=\"container\">\n\t\t\t\t\t<div class=\"e-con-inner\">\n\t\t\t\t\t\t\t\t<p class=\"e-paragraph-base\" data-interaction-id=\"4b4011e\"  >\n\t\t\t\t\t\t\t\tIl progetto \u00e8 stato finanziato dal Dipartimento Sviluppo Economico della Regione Calabria nell\u2019ambito del <em id=\"e-mo8npwrh-zozppxq\">Programma Regionale FESR FSE 2021\/2027, nell\u2019ambito dell\u2019obiettivo RSO1.1.\u201cSviluppare e rafforzare le capacit\u00e0 di ricerca e di innovazione e l\u2019introduzione di tecnologieavanzate (FESR), Azione 1.1.1.<\/em> che sostiene progetti di attivit\u00e0 di ricerca, sviluppo e innovazione, anche in collaborazione con organismi di ricerca, nelle Aree e nelle traiettorie prioritarie della S3 attraverso la promozione di interventi in ricerca, sviluppo e innovazione:\n\t\t\t\t\t<\/p>\n\t\t\t\t\t<\/div>\n\t\t\t\t<\/div>\n\t\t<div class=\"elementor-element elementor-element-f57ca7c e-flex e-con-boxed e-con e-parent\" data-id=\"f57ca7c\" data-element_type=\"container\" data-e-type=\"container\">\n\t\t\t\t\t<div class=\"e-con-inner\">\n\t\t<div class=\"elementor-element elementor-element-b9ff708 e-con-full e-flex e-con e-child\" data-id=\"b9ff708\" data-element_type=\"container\" data-e-type=\"container\">\n\t\t\t\t\t    \t            <a\n            href=\"https:\/\/wasteai.it\/wp-content\/uploads\/2026\/04\/ALLEGATO-1-Avviso-Pubblico.pdf\" target=\"_blank\"\n            class=\"e-button-base\"\n            data-interaction-id=\"2a68bd5\"\n             \n        >\n            ALLEGATO 1 - Avviso Pubblico\n        <\/a>\n    \t\t\t\t<\/div>\n\t\t<div class=\"elementor-element elementor-element-233f79c e-con-full e-flex e-con e-child\" data-id=\"233f79c\" data-element_type=\"container\" data-e-type=\"container\">\n\t\t\t\t\t    \t            <a\n            href=\"https:\/\/wasteai.it\/wp-content\/uploads\/2026\/04\/ALLEGATO-4-Determina-Concessione-Aiuti.pdf\" target=\"_blank\"\n            class=\"e-button-base\"\n            data-interaction-id=\"305beff\"\n             \n        >\n            DECRETO DIRIGENZIALE\n        <\/a>\n    \t\t\t\t<\/div>\n\t\t\t\t\t<\/div>\n\t\t\t\t<\/div>\n\t\t\t\t<\/div>\n\t\t","protected":false},"excerpt":{"rendered":"<p>La gestione e lo smaltimento dei rifiuti continuano a rappresentare grandi sfide nei contesti urbani. Le statistiche Eurostat (https:\/\/bit.ly\/3CFlB8X) mostrano che nel [&hellip;]<\/p>\n","protected":false},"author":1,"featured_media":0,"parent":0,"menu_order":0,"comment_status":"closed","ping_status":"closed","template":"elementor_theme","meta":{"footnotes":""},"class_list":["post-960","page","type-page","status-publish","hentry"],"_links":{"self":[{"href":"https:\/\/wasteai.it\/index.php?rest_route=\/wp\/v2\/pages\/960","targetHints":{"allow":["GET"]}}],"collection":[{"href":"https:\/\/wasteai.it\/index.php?rest_route=\/wp\/v2\/pages"}],"about":[{"href":"https:\/\/wasteai.it\/index.php?rest_route=\/wp\/v2\/types\/page"}],"author":[{"embeddable":true,"href":"https:\/\/wasteai.it\/index.php?rest_route=\/wp\/v2\/users\/1"}],"replies":[{"embeddable":true,"href":"https:\/\/wasteai.it\/index.php?rest_route=%2Fwp%2Fv2%2Fcomments&post=960"}],"version-history":[{"count":53,"href":"https:\/\/wasteai.it\/index.php?rest_route=\/wp\/v2\/pages\/960\/revisions"}],"predecessor-version":[{"id":1051,"href":"https:\/\/wasteai.it\/index.php?rest_route=\/wp\/v2\/pages\/960\/revisions\/1051"}],"wp:attachment":[{"href":"https:\/\/wasteai.it\/index.php?rest_route=%2Fwp%2Fv2%2Fmedia&parent=960"}],"curies":[{"name":"wp","href":"https:\/\/api.w.org\/{rel}","templated":true}]}}