{"id":964,"date":"2026-04-21T09:34:04","date_gmt":"2026-04-21T09:34:04","guid":{"rendered":"https:\/\/wasteai.it\/?page_id=964"},"modified":"2026-04-21T13:49:49","modified_gmt":"2026-04-21T13:49:49","slug":"i-partner","status":"publish","type":"page","link":"https:\/\/wasteai.it\/?page_id=964","title":{"rendered":"I Partner"},"content":{"rendered":"\t\t<div data-elementor-type=\"wp-page\" data-elementor-id=\"964\" class=\"elementor elementor-964\">\n\t\t\t\t<div class=\"elementor-element elementor-element-3fcaeb2 e-flex e-con-boxed e-con e-parent\" data-id=\"3fcaeb2\" data-element_type=\"container\" data-e-type=\"container\">\n\t\t\t\t\t<div class=\"e-con-inner\">\n\t\t\t\t\t\t\t\t<p class=\"e-paragraph-base\" data-interaction-id=\"869484e\"  >\n\t\t\t\t\t\t\t\tL'ATS WasteAI \u00e8 composto dalle seguenti realt\u00e0:\n\t\t\t\t\t<\/p>\n\t\t\t\t\t<\/div>\n\t\t\t\t<\/div>\n\t\t<div class=\"elementor-element elementor-element-f91abc7 e-flex e-con-boxed e-con e-parent\" data-id=\"f91abc7\" data-element_type=\"container\" data-e-type=\"container\">\n\t\t\t\t\t<div class=\"e-con-inner\">\n\t\t\t\t\t\t\t\t<p class=\"e-paragraph-base\" data-interaction-id=\"7808690\"  >\n\t\t\t\t\t\t\t\t<a target=\"_blank\" href=\"https:\/\/www.globaltechitalia.com\" id=\"e-mo8ok0u6-a1y60c4\">Global Technologies Italia<\/a> - Capofila\n\t\t\t\t\t<\/p>\n\t\t\t\t\t<\/div>\n\t\t\t\t<\/div>\n\t\t<div class=\"elementor-element elementor-element-caf930e e-flex e-con-boxed e-con e-parent\" data-id=\"caf930e\" data-element_type=\"container\" data-e-type=\"container\">\n\t\t\t\t\t<div class=\"e-con-inner\">\n\t\t\t\t\t\t\t\t<p class=\"e-paragraph-base\" data-interaction-id=\"e846db3\"  >\n\t\t\t\t\t\t\t\t<a target=\"_blank\" href=\"https:\/\/www.infodrive.it\" id=\"e-mo8ok7f8-vx3mqhm\">Infodrive S.p.a.<\/a>\n\t\t\t\t\t<\/p>\n\t\t\t\t\t<\/div>\n\t\t\t\t<\/div>\n\t\t<div class=\"elementor-element elementor-element-48d1022 e-flex e-con-boxed e-con e-parent\" data-id=\"48d1022\" data-element_type=\"container\" data-e-type=\"container\">\n\t\t\t\t\t<div class=\"e-con-inner\">\n\t\t\t\t\t\t\t\t<p class=\"e-paragraph-base\" data-interaction-id=\"b6c1fa0\"  >\n\t\t\t\t\t\t\t\t<a target=\"_blank\" href=\"https:\/\/www.nepta.it\" id=\"e-mo8okcv9-t359x5a\">Nepta S.r.l.<\/a>\n\t\t\t\t\t<\/p>\n\t\t\t\t\t<\/div>\n\t\t\t\t<\/div>\n\t\t<div class=\"elementor-element elementor-element-080b14b e-flex e-con-boxed e-con e-parent\" data-id=\"080b14b\" data-element_type=\"container\" data-e-type=\"container\">\n\t\t\t\t\t<div class=\"e-con-inner\">\n\t\t\t\t\t\t\t\t<p class=\"e-paragraph-base\" data-interaction-id=\"77e7ed5\"  >\n\t\t\t\t\t\t\t\t<a target=\"_blank\" href=\"https:\/\/www.unical.it\" id=\"e-mo8okkvc-pgcmgqh\">Universit\u00e0 della Calabria<\/a>\n\t\t\t\t\t<\/p>\n\t\t\t\t\t<\/div>\n\t\t\t\t<\/div>\n\t\t\t\t<\/div>\n\t\t","protected":false},"excerpt":{"rendered":"<p>L&#8217;ATS WasteAI \u00e8 composto dalle seguenti realt\u00e0: Global Technologies Italia &#8211; Capofila Infodrive S.p.a. Nepta S.r.l. Universit\u00e0 della Calabria<\/p>\n","protected":false},"author":1,"featured_media":0,"parent":0,"menu_order":0,"comment_status":"closed","ping_status":"closed","template":"","meta":{"footnotes":""},"class_list":["post-964","page","type-page","status-publish","hentry"],"_links":{"self":[{"href":"https:\/\/wasteai.it\/index.php?rest_route=\/wp\/v2\/pages\/964","targetHints":{"allow":["GET"]}}],"collection":[{"href":"https:\/\/wasteai.it\/index.php?rest_route=\/wp\/v2\/pages"}],"about":[{"href":"https:\/\/wasteai.it\/index.php?rest_route=\/wp\/v2\/types\/page"}],"author":[{"embeddable":true,"href":"https:\/\/wasteai.it\/index.php?rest_route=\/wp\/v2\/users\/1"}],"replies":[{"embeddable":true,"href":"https:\/\/wasteai.it\/index.php?rest_route=%2Fwp%2Fv2%2Fcomments&post=964"}],"version-history":[{"count":25,"href":"https:\/\/wasteai.it\/index.php?rest_route=\/wp\/v2\/pages\/964\/revisions"}],"predecessor-version":[{"id":1093,"href":"https:\/\/wasteai.it\/index.php?rest_route=\/wp\/v2\/pages\/964\/revisions\/1093"}],"wp:attachment":[{"href":"https:\/\/wasteai.it\/index.php?rest_route=%2Fwp%2Fv2%2Fmedia&parent=964"}],"curies":[{"name":"wp","href":"https:\/\/api.w.org\/{rel}","templated":true}]}}